{"id":10155,"date":"2022-08-24T16:16:55","date_gmt":"2022-08-24T20:16:55","guid":{"rendered":"https:\/\/www.law.georgetown.edu\/academics\/transnational-programs\/fellowships-internships-research\/international-court-of-justice-traineeship\/fellows\/"},"modified":"2026-03-26T20:06:42","modified_gmt":"2026-03-26T20:06:42","slug":"fellows","status":"publish","type":"page","link":"https:\/\/www.law.georgetown.edu\/academics\/transnational-programs\/fellowships-internships-research\/international-court-of-justice-traineeship\/fellows\/","title":{"rendered":"Fellows"},"content":{"rendered":"<p>A number of distinguished Georgetown Law alumni have taken part in the ICJ fellowship program. Read more about several recent fellows below.<\/p>\n<h2><img loading=\"lazy\" decoding=\"async\" class=\"size-medium wp-image-17548 alignleft\" src=\"https:\/\/www.law.georgetown.edu\/academics\/wp-content\/uploads\/sites\/58\/2025\/01\/Mine-Orer-Bio-Photo-300x225.jpg\" alt=\"Mine Orer Bio Photo\" width=\"300\" height=\"225\" srcset=\"https:\/\/www.law.georgetown.edu\/academics\/wp-content\/uploads\/sites\/58\/2025\/01\/Mine-Orer-Bio-Photo-300x225.jpg 300w, https:\/\/www.law.georgetown.edu\/academics\/wp-content\/uploads\/sites\/58\/2025\/01\/Mine-Orer-Bio-Photo-1024x769.jpg 1024w, https:\/\/www.law.georgetown.edu\/academics\/wp-content\/uploads\/sites\/58\/2025\/01\/Mine-Orer-Bio-Photo-768x576.jpg 768w, https:\/\/www.law.georgetown.edu\/academics\/wp-content\/uploads\/sites\/58\/2025\/01\/Mine-Orer-Bio-Photo-1536x1153.jpg 1536w, https:\/\/www.law.georgetown.edu\/academics\/wp-content\/uploads\/sites\/58\/2025\/01\/Mine-Orer-Bio-Photo-2048x1537.jpg 2048w, https:\/\/www.law.georgetown.edu\/academics\/wp-content\/uploads\/sites\/58\/2025\/01\/Mine-Orer-Bio-Photo-500x375.jpg 500w, https:\/\/www.law.georgetown.edu\/academics\/wp-content\/uploads\/sites\/58\/2025\/01\/Mine-Orer-Bio-Photo-740x555.jpg 740w, https:\/\/www.law.georgetown.edu\/academics\/wp-content\/uploads\/sites\/58\/2025\/01\/Mine-Orer-Bio-Photo-980x736.jpg 980w, https:\/\/www.law.georgetown.edu\/academics\/wp-content\/uploads\/sites\/58\/2025\/01\/Mine-Orer-Bio-Photo-1220x915.jpg 1220w, https:\/\/www.law.georgetown.edu\/academics\/wp-content\/uploads\/sites\/58\/2025\/01\/Mine-Orer-Bio-Photo-1440x1080.jpg 1440w\" sizes=\"auto, (max-width: 300px) 100vw, 300px\" \/>Mine Orer (L&#8217;23)<\/h2>\n<p>2024-2025 Fellow<\/p>\n<p>Mine Orer is a Judicial Fellow at the International Court of Justice, where she is clerking for H.E. Judge Dalveer Bhandari as part of the 2024-25 Fellowship Programme. She holds a juris doctorate (JD) degree cum laude with a Certificate in International Trade and WTO Studies from Georgetown University Law Center, a master of laws (LL.M.) degree from the University of Michigan Law School, and a bachelor of laws (LL.B.) degree from Ko\u00e7 University Law School in Istanbul, T\u00fcrkiye. While at Georgetown Law, Mine served as the co-president for her Global Law Scholars cohort, Research Assistant to Professor Edith Brown Weiss in international environmental law, Trade Editor of the Georgetown Journal of International Law, and Fellow at the Institute of International Economic Law. Mine has published on topics related to the investor-State dispute settlement reform and the intersection between international trade law and climate change. Alongside her studies, Mine concurrently pursued opportunities to strengthen her public international knowledge and skills by participating in the Philip C. Jessup International Law Moot Court Competition, working at the Legal Adviser\u2019s Office of Oceans, International Environmental and Scientific Affairs at the U.S. Department of State, and being part of the Trade and Investment team at the Harrison Institute\u2019s Policy Clinic. As a dual-qualified lawyer, Mine is admitted to the DC and Istanbul Bars. Prior to her clerkship at the ICJ, Mine was working as an international trade and arbitration associate at Sidley Austin LLP in DC, where she focused her practice on investor-State arbitration, trade controls, and international trade and investment policy.<\/p>\n<p><img loading=\"lazy\" decoding=\"async\" class=\"size-medium wp-image-10151 alignleft\" src=\"https:\/\/www.law.georgetown.edu\/wp-content\/uploads\/2024\/01\/Suhong-Yang-profile-200x300.jpg\" alt=\"Suhong Yang\" width=\"200\" height=\"300\" srcset=\"https:\/\/www.law.georgetown.edu\/academics\/wp-content\/uploads\/sites\/58\/2024\/01\/Suhong-Yang-profile-200x300.jpg 200w, https:\/\/www.law.georgetown.edu\/academics\/wp-content\/uploads\/sites\/58\/2024\/01\/Suhong-Yang-profile-683x1024.jpg 683w, https:\/\/www.law.georgetown.edu\/academics\/wp-content\/uploads\/sites\/58\/2024\/01\/Suhong-Yang-profile-768x1152.jpg 768w, https:\/\/www.law.georgetown.edu\/academics\/wp-content\/uploads\/sites\/58\/2024\/01\/Suhong-Yang-profile-1024x1536.jpg 1024w, https:\/\/www.law.georgetown.edu\/academics\/wp-content\/uploads\/sites\/58\/2024\/01\/Suhong-Yang-profile-1365x2048.jpg 1365w, https:\/\/www.law.georgetown.edu\/academics\/wp-content\/uploads\/sites\/58\/2024\/01\/Suhong-Yang-profile-334x500.jpg 334w, https:\/\/www.law.georgetown.edu\/academics\/wp-content\/uploads\/sites\/58\/2024\/01\/Suhong-Yang-profile-494x740.jpg 494w, https:\/\/www.law.georgetown.edu\/academics\/wp-content\/uploads\/sites\/58\/2024\/01\/Suhong-Yang-profile-654x980.jpg 654w, https:\/\/www.law.georgetown.edu\/academics\/wp-content\/uploads\/sites\/58\/2024\/01\/Suhong-Yang-profile-814x1220.jpg 814w, https:\/\/www.law.georgetown.edu\/academics\/wp-content\/uploads\/sites\/58\/2024\/01\/Suhong-Yang-profile-960x1440.jpg 960w, https:\/\/www.law.georgetown.edu\/academics\/wp-content\/uploads\/sites\/58\/2024\/01\/Suhong-Yang-profile-500x750.jpg 500w, https:\/\/www.law.georgetown.edu\/academics\/wp-content\/uploads\/sites\/58\/2024\/01\/Suhong-Yang-profile-740x1110.jpg 740w, https:\/\/www.law.georgetown.edu\/academics\/wp-content\/uploads\/sites\/58\/2024\/01\/Suhong-Yang-profile-980x1470.jpg 980w, https:\/\/www.law.georgetown.edu\/academics\/wp-content\/uploads\/sites\/58\/2024\/01\/Suhong-Yang-profile-scaled.jpg 1707w\" sizes=\"auto, (max-width: 200px) 100vw, 200px\" \/><\/p>\n<h2><strong>Suhong Yang (S.J.D.&#8217;23, LL.M.&#8217;17)<\/strong><\/h2>\n<p>2023-2024 Fellow<\/p>\n<p>Suhong Yang is a Judicial Fellow to H.E Judge XUE Hanqin at the International Court of Justice (2023-2024). She obtained her S.J.D. and LL.M. at Georgetown University Law Center in 2023 and 2017 respectively and her LL.B. at Renmin University of China in 2016. In addition to her academic degrees, Suhong has also studied in Oxford, Kathmandu, and Taipei. Her academic interests and expertise include public international law, international criminal law, international courts and tribunals, human rights, and China and international law. Her SJD dissertation, \u201cAssessing the Legitimacy of Hybrid Courts\u201d, was examined by the committee of Professor Jane Stromseth, Professor David Luban, and Professor David Tolbert. Suhong has published with International Legal Materials, Chinese Journal of International Law, George Mason International Law Journal, European Papers, and Proceedings of the ASIL Annual Meeting. She was awarded as a David D. Caron Fellow and a Salzburg Cutler Law Fellow. At Georgetown, Suhong was a Teaching Assistant to Professor Michael Cedrone for his summer course Foundations of law in the United States and to Professor Thomas Kellogg for his class China and International Law. She also served as President of the Georgetown SJD Association, member of the Graduate and Transnational Programs Student-Faculty Committee, and delegate at the Student Bar Association as well as co-founded the Georgetown China Law Society. Suhong is an active member of the American Society of International Law (ASIL). She is Secretary of the ASIL Women in International Law Interest Group and used to be Co-Chair of the ASIL New Professionals Interest Group. For legal practices, Suhong was a legal intern at the Office of the U.N. High Commissioner for Human Rights, the Office of the Prosecutor of the International Criminal Court, and the Office of the President of the International Residual Mechanism for Criminal Tribunals.<\/p>\n<p><strong><img loading=\"lazy\" decoding=\"async\" class=\"alignleft wp-image-10152\" src=\"https:\/\/www.law.georgetown.edu\/wp-content\/uploads\/2022\/11\/Danielle-Flanagan-102622-300x272.jpg\" alt=\"Danielle Flanagan Bio Photo\" width=\"269\" height=\"244\" srcset=\"https:\/\/www.law.georgetown.edu\/academics\/wp-content\/uploads\/sites\/58\/2022\/11\/Danielle-Flanagan-102622-300x272.jpg 300w, https:\/\/www.law.georgetown.edu\/academics\/wp-content\/uploads\/sites\/58\/2022\/11\/Danielle-Flanagan-102622-1024x927.jpg 1024w, https:\/\/www.law.georgetown.edu\/academics\/wp-content\/uploads\/sites\/58\/2022\/11\/Danielle-Flanagan-102622-768x695.jpg 768w, https:\/\/www.law.georgetown.edu\/academics\/wp-content\/uploads\/sites\/58\/2022\/11\/Danielle-Flanagan-102622-500x453.jpg 500w, https:\/\/www.law.georgetown.edu\/academics\/wp-content\/uploads\/sites\/58\/2022\/11\/Danielle-Flanagan-102622-740x670.jpg 740w, https:\/\/www.law.georgetown.edu\/academics\/wp-content\/uploads\/sites\/58\/2022\/11\/Danielle-Flanagan-102622-980x887.jpg 980w, https:\/\/www.law.georgetown.edu\/academics\/wp-content\/uploads\/sites\/58\/2022\/11\/Danielle-Flanagan-102622.jpg 1245w\" sizes=\"auto, (max-width: 269px) 100vw, 269px\" \/><\/strong><\/p>\n<h2><strong>Danielle Flanagan (L&#8217;21)<\/strong><\/h2>\n<p>2022-2023 Fellow<\/p>\n<p>Danielle Flanagan was a Judicial Fellow at the International Court of Justice, where she clerked for his Excellency Vice-President Kirill Gevorgian as part of the 2022-23 Fellowship Programme. She holds a juris doctorate and Certificate in Refugees and Humanitarian Emergencies with honors from Georgetown University Law Center. While in law school, Danielle was selected as a Global Law Scholar, worked as a Research Assistant to Professor Yvonne Tew in comparative constitutional law, and served as an Articles Editor of the Georgetown Journal of International Law. Danielle has published on topics related to the protection of civilians in armed conflict settings and the principle of non-refoulement. Alongside her studies, Danielle concurrently pursued opportunities to strengthen her client advocacy skills as a member of the Iraq and Libya client teams at the Public International Law &amp; Policy Group and as a student representative in Georgetown\u2019s Asylum Clinic (CALS). She additionally explored issues of public international law while working at the U.N. Department of Political and Peacebuilding Affairs in New York, the U.N. Migration Agency\u2019s International Law Unit in Geneva, and the Legal Adviser\u2019s Office of Human Rights and Refugees at the U.S. Department of State. Danielle is admitted to the New York Bar and formerly worked as an international arbitration and litigation associate at Hogan Lovells LLP in New York where she focused her practice on global anti-corruption, government investigations, and business &amp; human rights-related claims.<\/p>\n<p>&nbsp;<\/p>\n<p><img loading=\"lazy\" decoding=\"async\" class=\"alignleft wp-image-10153\" src=\"https:\/\/www.law.georgetown.edu\/wp-content\/uploads\/2022\/11\/Olivia-Le-Menestrel-266x300.jpg\" alt=\"Olivia Le Menestrel Bio Photo\" width=\"269\" height=\"304\" srcset=\"https:\/\/www.law.georgetown.edu\/academics\/wp-content\/uploads\/sites\/58\/2022\/11\/Olivia-Le-Menestrel-266x300.jpg 266w, https:\/\/www.law.georgetown.edu\/academics\/wp-content\/uploads\/sites\/58\/2022\/11\/Olivia-Le-Menestrel-907x1024.jpg 907w, https:\/\/www.law.georgetown.edu\/academics\/wp-content\/uploads\/sites\/58\/2022\/11\/Olivia-Le-Menestrel-768x867.jpg 768w, https:\/\/www.law.georgetown.edu\/academics\/wp-content\/uploads\/sites\/58\/2022\/11\/Olivia-Le-Menestrel-1360x1536.jpg 1360w, https:\/\/www.law.georgetown.edu\/academics\/wp-content\/uploads\/sites\/58\/2022\/11\/Olivia-Le-Menestrel-1813x2048.jpg 1813w, https:\/\/www.law.georgetown.edu\/academics\/wp-content\/uploads\/sites\/58\/2022\/11\/Olivia-Le-Menestrel-500x565.jpg 500w, https:\/\/www.law.georgetown.edu\/academics\/wp-content\/uploads\/sites\/58\/2022\/11\/Olivia-Le-Menestrel-740x836.jpg 740w, https:\/\/www.law.georgetown.edu\/academics\/wp-content\/uploads\/sites\/58\/2022\/11\/Olivia-Le-Menestrel-980x1107.jpg 980w\" sizes=\"auto, (max-width: 269px) 100vw, 269px\" \/><\/p>\n<h2>Olivia Le Menestrel (L&#8217;21)<\/h2>\n<p>2021-2022 Fellow<\/p>\n<p>Olivia Le Menestrel is currently working at White &amp; Case in their Mexico City office. In 2021-2022 she was a Judicial Fellow at the International Court of Justice (ICJ). She completed her JD at Georgetown University Law Center, focusing her studies in public international law. She also holds a degree from New York University (BA in History). She previously worked as an intern with the law firm Sygna Partners in Paris, France, as a summer associate with White &amp; Case in New York, USA, and as an extern at the International Center for Settlement of Investment Disputes (ICSID). While at Georgetown she also worked as a research assistant for Professor Edith Brown Weiss. She speaks English and French.<\/p>\n<p><img loading=\"lazy\" decoding=\"async\" class=\"alignleft wp-image-10154\" src=\"https:\/\/www.law.georgetown.edu\/wp-content\/uploads\/2022\/11\/Perpetua-Chery-Bio-Photo-298x300.jpg\" alt=\"Perpetua Chery Bio Photo\" width=\"269\" height=\"271\" srcset=\"https:\/\/www.law.georgetown.edu\/academics\/wp-content\/uploads\/sites\/58\/2022\/11\/Perpetua-Chery-Bio-Photo-298x300.jpg 298w, https:\/\/www.law.georgetown.edu\/academics\/wp-content\/uploads\/sites\/58\/2022\/11\/Perpetua-Chery-Bio-Photo-1016x1024.jpg 1016w, https:\/\/www.law.georgetown.edu\/academics\/wp-content\/uploads\/sites\/58\/2022\/11\/Perpetua-Chery-Bio-Photo-150x150.jpg 150w, https:\/\/www.law.georgetown.edu\/academics\/wp-content\/uploads\/sites\/58\/2022\/11\/Perpetua-Chery-Bio-Photo-768x774.jpg 768w, https:\/\/www.law.georgetown.edu\/academics\/wp-content\/uploads\/sites\/58\/2022\/11\/Perpetua-Chery-Bio-Photo-1524x1536.jpg 1524w, https:\/\/www.law.georgetown.edu\/academics\/wp-content\/uploads\/sites\/58\/2022\/11\/Perpetua-Chery-Bio-Photo-2032x2048.jpg 2032w, https:\/\/www.law.georgetown.edu\/academics\/wp-content\/uploads\/sites\/58\/2022\/11\/Perpetua-Chery-Bio-Photo-100x100.jpg 100w, https:\/\/www.law.georgetown.edu\/academics\/wp-content\/uploads\/sites\/58\/2022\/11\/Perpetua-Chery-Bio-Photo-500x504.jpg 500w, https:\/\/www.law.georgetown.edu\/academics\/wp-content\/uploads\/sites\/58\/2022\/11\/Perpetua-Chery-Bio-Photo-740x746.jpg 740w, https:\/\/www.law.georgetown.edu\/academics\/wp-content\/uploads\/sites\/58\/2022\/11\/Perpetua-Chery-Bio-Photo-980x988.jpg 980w\" sizes=\"auto, (max-width: 269px) 100vw, 269px\" \/><\/p>\n<h2>Perp\u00e9tua B. Ch\u00e9ry (L&#8217;20)<\/h2>\n<p>2020-2021 Fellow<\/p>\n<p>Perp\u00e9tua B. Ch\u00e9ry is an associate in the International Disputes Resolution Group at Debevoise &amp; Plimpton LLP. Ms. Ch\u00e9ry joined Debevoise in 2021. From 2020 to 2021, she served as a Judicial Fellow to H.E. Judge Mohamed Bennouna at the International Court of Justice. Ms. Ch\u00e9ry received a J.D. from Georgetown University Law Center, where she was a Global Law Scholar, and a Master\u2019s in Economic Law from the Institut d\u2019Etudes Politiques de Paris (Sciences Po). Prior to law school, Ms. Ch\u00e9ry worked extensively with governments and non-State actors throughout West and Central Africa on issues related to peace and security, governance, and human rights. She obtained a B.A. cum laude from the University of Florida in 2011 and is fluent in French and Haitian Creole.<\/p>\n<h2>Julie Baleynaud (LL.M.&#8217;19)<\/h2>\n<p>2019-2020 Fellow<\/p>\n<h2>Daphne Amouna (LL.M.&#8217;18)<\/h2>\n<p>2018-2019 Fellow<\/p>\n<p style=\"font-weight: 400\">Daphn\u00e9 Amouna is currently working as a trainee at the French National School for the Judiciary. She joined the French Judiciary in 2021. From 2018 to 2019, she served as a Judicial Fellow to H.E. Judge Ronny Abraham at the International Court of Justice. Ms. Amouna completed the dual M.IA.\/L.L.M degree at Sciences Po Paris and Georgetown Law, where she was a Fulbright, Georges Lurcy and International Merit Scholar.<\/p>\n<p style=\"font-weight: 400\">At Georgetown, her curriculum focused primarily on the prosecution of international crimes. She also had the opportunity to study the US criminal justice system and participated in the Practicum \u201cBest Practices for Justice: Prosecutors working to improve the criminal justice system\u201d with the Prosecutors\u2019 Center for Excellence. While in the US, Ms Amouna also interned at the French Embassy, where she worked for the\u00a0<em>Liaison Attach\u00e9<\/em>.<\/p>\n<p style=\"font-weight: 400\">Ms Amouna also holds a Master cum laude in International Public Law from Universit\u00e9 Paris II Pantheon-Assas, as well as two bachelors of law from Universit\u00e9 Pantheon- Assas and University College Dublin. She has worked at the Prosecution Office of the French War Crimes Unit at the Paris High Court, the Counter-terrorism Investigative Chamber of the Paris Court of Appeals, and the International Criminal Court. She speaks English fluently.<\/p>\n<h2>Gunjan Chawla (LL.M.&#8217;17)<\/h2>\n<p>2017-2018 Fellow<\/p>\n","protected":false},"excerpt":{"rendered":"<p>A number of distinguished Georgetown Law alumni have taken part in the ICJ fellowship program. Read more about several recent fellows below. Mine Orer (L&#8217;23) 2024-2025 Fellow Mine Orer is [&hellip;]<\/p>\n","protected":false},"author":5,"featured_media":0,"parent":10116,"menu_order":188,"comment_status":"closed","ping_status":"closed","template":"","meta":{"_acf_changed":false,"_price":"","_stock":"","_tribe_ticket_header":"","_tribe_default_ticket_provider":"","_tribe_ticket_capacity":"0","_ticket_start_date":"","_ticket_end_date":"","_tribe_ticket_show_description":"","_tribe_ticket_show_not_going":false,"_tribe_ticket_use_global_stock":"","_tribe_ticket_global_stock_level":"","_global_stock_mode":"","_global_stock_cap":"","_tribe_rsvp_for_event":"","_tribe_ticket_going_count":"","_tribe_ticket_not_going_count":"","_tribe_tickets_list":"[]","_tribe_ticket_has_attendee_info_fields":false,"footnotes":"","_tec_slr_enabled":"","_tec_slr_layout":""},"class_list":["post-10155","page","type-page","status-publish","hentry"],"acf":[],"ticketed":false,"_links":{"self":[{"href":"https:\/\/www.law.georgetown.edu\/academics\/wp-json\/wp\/v2\/pages\/10155","targetHints":{"allow":["GET"]}}],"collection":[{"href":"https:\/\/www.law.georgetown.edu\/academics\/wp-json\/wp\/v2\/pages"}],"about":[{"href":"https:\/\/www.law.georgetown.edu\/academics\/wp-json\/wp\/v2\/types\/page"}],"author":[{"embeddable":true,"href":"https:\/\/www.law.georgetown.edu\/academics\/wp-json\/wp\/v2\/users\/5"}],"replies":[{"embeddable":true,"href":"https:\/\/www.law.georgetown.edu\/academics\/wp-json\/wp\/v2\/comments?post=10155"}],"version-history":[{"count":3,"href":"https:\/\/www.law.georgetown.edu\/academics\/wp-json\/wp\/v2\/pages\/10155\/revisions"}],"predecessor-version":[{"id":23497,"href":"https:\/\/www.law.georgetown.edu\/academics\/wp-json\/wp\/v2\/pages\/10155\/revisions\/23497"}],"up":[{"embeddable":true,"href":"https:\/\/www.law.georgetown.edu\/academics\/wp-json\/wp\/v2\/pages\/10116"}],"wp:attachment":[{"href":"https:\/\/www.law.georgetown.edu\/academics\/wp-json\/wp\/v2\/media?parent=10155"}],"curies":[{"name":"wp","href":"https:\/\/api.w.org\/{rel}","templated":true}]}}