{"id":24,"date":"2018-01-16T01:17:29","date_gmt":"2018-01-16T06:17:29","guid":{"rendered":"https:\/\/www.law.georgetown.edu\/carola\/the-center\/our-team\/"},"modified":"2025-05-12T11:15:03","modified_gmt":"2025-05-12T15:15:03","slug":"our-team","status":"publish","type":"page","link":"https:\/\/www.law.georgetown.edu\/carola\/who-we-are\/our-team\/","title":{"rendered":"Our Team"},"content":{"rendered":"<p><img loading=\"lazy\" decoding=\"async\" class=\"alignleft wp-image-251\" title=\"Alvaro Santos Team Profile\" src=\"https:\/\/www.law.georgetown.edu\/carola\/wp-content\/uploads\/sites\/29\/2018\/12\/AlvaroSantos_team-1.jpg\" alt=\"Headshot of Alvaro Santos who is the Faculty Director of CAROLA\" width=\"400\" height=\"411\" srcset=\"https:\/\/www.law.georgetown.edu\/carola\/wp-content\/uploads\/sites\/29\/2018\/12\/AlvaroSantos_team-1.jpg 490w, https:\/\/www.law.georgetown.edu\/carola\/wp-content\/uploads\/sites\/29\/2018\/12\/AlvaroSantos_team-1-292x300.jpg 292w\" sizes=\"auto, (max-width: 400px) 100vw, 400px\" \/><\/p>\n<p><strong>A<\/strong><strong>lvaro Santos<\/strong> is a Professor of Law and Faculty Director of the Center for the Advancement of the Rule of Law in the Americas (CAROLA) at Georgetown Law. He teaches and writes in the areas of international trade, economic development, transnational labor law, drug policy, and the future of NAFTA. In 2018, he served as Deputy Chief Negotiator of the USMCA Agreement for the newly elected government of Mexico.<\/p>\n<p>Professor Santos is co-editor of the books <a href=\"https:\/\/anthempress.com\/business-and-management\/world-trade-and-investment-law-reimagined-pdf\">World Trade and Investment Law Reimagined: A Progressive Agenda for an Inclusive Globalization<\/a> (2019), Law and the New Developmental State: The Brazilian Experience in Latin America (2013), and The New Law and Economic Development: A Critical Appraisal (2006). He is also the author of numerous journal articles and book chapters. He serves on the editorial boards of the American Journal of Comparative Law, the Journal of International Economic Law, the Law and Development Review, and the Latin American Journal of International Trade Law.<\/p>\n<p>He served as Co-Director of the Center for Transnational Legal Studies (CTLS) in London from 2014-15. He regularly teaches at Georgetown\u2019s Global Trade Academy and Harvard\u2019s Institute for Global Law and Policy (IGLP). He has also taught at the University of Texas, Tufts University, Melbourne Law School, Centro de Investigaci\u00f3n y Docencia Econ\u00f3micas (CIDE), and the University of Turin. He received an LL.B. with high honors from Universidad Nacional Auton\u00f3ma de M\u00e9xico (UNAM) and an LLM and SJD from Harvard Law School.<\/p>\n<p>&nbsp;<\/p>\n<p><strong><img loading=\"lazy\" decoding=\"async\" class=\" wp-image-2725 alignleft\" src=\"https:\/\/www.law.georgetown.edu\/carola\/wp-content\/uploads\/sites\/29\/2024\/05\/Headshot-EBoonev3-300x213.jpg\" alt=\"Headshot of Program Director Enrique Boone\" width=\"347\" height=\"246\" srcset=\"https:\/\/www.law.georgetown.edu\/carola\/wp-content\/uploads\/sites\/29\/2024\/05\/Headshot-EBoonev3-300x213.jpg 300w, https:\/\/www.law.georgetown.edu\/carola\/wp-content\/uploads\/sites\/29\/2024\/05\/Headshot-EBoonev3-1024x728.jpg 1024w, https:\/\/www.law.georgetown.edu\/carola\/wp-content\/uploads\/sites\/29\/2024\/05\/Headshot-EBoonev3-768x546.jpg 768w, https:\/\/www.law.georgetown.edu\/carola\/wp-content\/uploads\/sites\/29\/2024\/05\/Headshot-EBoonev3-1536x1092.jpg 1536w, https:\/\/www.law.georgetown.edu\/carola\/wp-content\/uploads\/sites\/29\/2024\/05\/Headshot-EBoonev3-2048x1456.jpg 2048w, https:\/\/www.law.georgetown.edu\/carola\/wp-content\/uploads\/sites\/29\/2024\/05\/Headshot-EBoonev3-500x355.jpg 500w, https:\/\/www.law.georgetown.edu\/carola\/wp-content\/uploads\/sites\/29\/2024\/05\/Headshot-EBoonev3-740x526.jpg 740w, https:\/\/www.law.georgetown.edu\/carola\/wp-content\/uploads\/sites\/29\/2024\/05\/Headshot-EBoonev3-980x697.jpg 980w\" sizes=\"auto, (max-width: 347px) 100vw, 347px\" \/><\/strong><\/p>\n<p><strong>Enrique Boone Barrera<\/strong> is the Program Director at CAROLA. He plays a crucial role in shaping the direction of the center, actively supporting the development and implementation of its strategic objectives. His primary area of research focuses on international investment law and public policy. He conducted postdoctoral research at the Centre for International Governance Innovation, exploring the consequences of investor-state arbitration on developing nations. This project saw him co-organizing three regional workshops, engaging public officials from Southeast Asia, Latin America, and Africa. Besides his research contributions to academic journals, books, and blogs, Enrique has actively taken part in numerous conferences, workshops, and consultations related to international economic law. He has taught in the areas of international law, global governance, and public policy.<\/p>\n<p>Enrique holds a Bachelor of Laws from the Tecnol\u00f3gico de Monterrey, an LL.M. from Queen\u2019s University, and a D.C.L. from McGill University.<\/p>\n<h2 style=\"text-align: left\">Research Team<\/h2>\n<p><img loading=\"lazy\" decoding=\"async\" class=\"alignleft wp-image-2459 size-medium\" src=\"https:\/\/www.law.georgetown.edu\/carola\/wp-content\/uploads\/sites\/29\/2022\/11\/RC_bio-230x300.jpg\" alt=\"Picture of Rebecca Contreras who is part of CAROLA's researc team.\" width=\"230\" height=\"300\" srcset=\"https:\/\/www.law.georgetown.edu\/carola\/wp-content\/uploads\/sites\/29\/2022\/11\/RC_bio-230x300.jpg 230w, https:\/\/www.law.georgetown.edu\/carola\/wp-content\/uploads\/sites\/29\/2022\/11\/RC_bio-784x1024.jpg 784w, https:\/\/www.law.georgetown.edu\/carola\/wp-content\/uploads\/sites\/29\/2022\/11\/RC_bio-768x1003.jpg 768w, https:\/\/www.law.georgetown.edu\/carola\/wp-content\/uploads\/sites\/29\/2022\/11\/RC_bio-1176x1536.jpg 1176w, https:\/\/www.law.georgetown.edu\/carola\/wp-content\/uploads\/sites\/29\/2022\/11\/RC_bio-500x653.jpg 500w, https:\/\/www.law.georgetown.edu\/carola\/wp-content\/uploads\/sites\/29\/2022\/11\/RC_bio-740x966.jpg 740w, https:\/\/www.law.georgetown.edu\/carola\/wp-content\/uploads\/sites\/29\/2022\/11\/RC_bio-980x1280.jpg 980w, https:\/\/www.law.georgetown.edu\/carola\/wp-content\/uploads\/sites\/29\/2022\/11\/RC_bio.jpg 1210w\" sizes=\"auto, (max-width: 230px) 100vw, 230px\" \/><strong>Rebecca Contreras<\/strong> is a Research Assistant at CAROLA, where she contributes to the project \u201c<a href=\"https:\/\/www.law.georgetown.edu\/carola\/our-work\/mbic-for-isds-in-lac\/\">Measuring and building institutional capacity for investor-state dispute settlement in Latin America and the Caribbean<\/a>.\u201d She holds an M.A in Latin American Studies with a certificate in Gender, Peace and Security from Georgetown University. Until recently, Rebecca was a Program Associate at the American Bar Association\u2019s Rule of Law Initiative. She designed judicial training and anti-money laundering programs in Mexico, Paraguay, Brazil, and Argentina. Rebecca also worked on the rule of law issues as a research assistant for the Stanford Governance Project and at the IACHR. Her academic coursework focuses on business and human rights and sustainable development in Latin America.<\/p>\n<p><img loading=\"lazy\" decoding=\"async\" class=\"wp-image-2813 alignleft\" src=\"https:\/\/www.law.georgetown.edu\/carola\/wp-content\/uploads\/sites\/29\/2024\/11\/daniela_abril_carola-225x300.jpg\" alt=\"\" width=\"210\" height=\"280\" srcset=\"https:\/\/www.law.georgetown.edu\/carola\/wp-content\/uploads\/sites\/29\/2024\/11\/daniela_abril_carola-225x300.jpg 225w, https:\/\/www.law.georgetown.edu\/carola\/wp-content\/uploads\/sites\/29\/2024\/11\/daniela_abril_carola-768x1024.jpg 768w, https:\/\/www.law.georgetown.edu\/carola\/wp-content\/uploads\/sites\/29\/2024\/11\/daniela_abril_carola-1152x1536.jpg 1152w, https:\/\/www.law.georgetown.edu\/carola\/wp-content\/uploads\/sites\/29\/2024\/11\/daniela_abril_carola-1535x2048.jpg 1535w, https:\/\/www.law.georgetown.edu\/carola\/wp-content\/uploads\/sites\/29\/2024\/11\/daniela_abril_carola-375x500.jpg 375w, https:\/\/www.law.georgetown.edu\/carola\/wp-content\/uploads\/sites\/29\/2024\/11\/daniela_abril_carola-555x740.jpg 555w, https:\/\/www.law.georgetown.edu\/carola\/wp-content\/uploads\/sites\/29\/2024\/11\/daniela_abril_carola-735x980.jpg 735w, https:\/\/www.law.georgetown.edu\/carola\/wp-content\/uploads\/sites\/29\/2024\/11\/daniela_abril_carola-915x1220.jpg 915w, https:\/\/www.law.georgetown.edu\/carola\/wp-content\/uploads\/sites\/29\/2024\/11\/daniela_abril_carola-1080x1440.jpg 1080w, https:\/\/www.law.georgetown.edu\/carola\/wp-content\/uploads\/sites\/29\/2024\/11\/daniela_abril_carola-500x667.jpg 500w, https:\/\/www.law.georgetown.edu\/carola\/wp-content\/uploads\/sites\/29\/2024\/11\/daniela_abril_carola-740x987.jpg 740w, https:\/\/www.law.georgetown.edu\/carola\/wp-content\/uploads\/sites\/29\/2024\/11\/daniela_abril_carola-980x1307.jpg 980w, https:\/\/www.law.georgetown.edu\/carola\/wp-content\/uploads\/sites\/29\/2024\/11\/daniela_abril_carola-scaled.jpg 1919w\" sizes=\"auto, (max-width: 210px) 100vw, 210px\" \/><\/p>\n<p><strong>Daniela Abril<\/strong> is an LL.M. candidate in International Business and Economic Law at Georgetown University Law Center and a Student Research Assistant on the \u201c<a href=\"https:\/\/www.law.georgetown.edu\/carola\/our-work\/mbic-for-isds-in-lac\/\">Measuring and Building Institutional Capacity for Investor-State Dispute Settlement in Latin America and the Caribbean<\/a>\u201d project at CAROLA. Daniela holds a law degree from Universidad Externado de Colombia and received a merit scholarship for her performance in the 2017 ELSA WTO Law Moot Court Competition, as part of the \u00e0 la carte program at the European Public Law Organization&#8217;s Academy of International Economic Law. She has worked assisting with international investment arbitration cases and prior to Georgetown, she was a lawyer at Colombia\u2019s Ministry of Commerce, defending Colombia\u2019s trade interests in regional trade disputes, assisting with the implementation of WTO dispute rulings, and preparing legal opinions on international trade commitments.<\/p>\n","protected":false},"excerpt":{"rendered":"<p>Alvaro Santos is a Professor of Law and Faculty Director of the Center for the Advancement of the Rule of Law in the Americas (CAROLA) at Georgetown Law. He teaches [&hellip;]<\/p>\n","protected":false},"author":78,"featured_media":0,"parent":17,"menu_order":1,"comment_status":"closed","ping_status":"closed","template":"","meta":{"_acf_changed":false,"_price":"","_stock":"","_tribe_ticket_header":"","_tribe_default_ticket_provider":"","_tribe_ticket_capacity":"0","_ticket_start_date":"","_ticket_end_date":"","_tribe_ticket_show_description":"","_tribe_ticket_show_not_going":false,"_tribe_ticket_use_global_stock":"","_tribe_ticket_global_stock_level":"","_global_stock_mode":"","_global_stock_cap":"","_tribe_rsvp_for_event":"","_tribe_ticket_going_count":"","_tribe_ticket_not_going_count":"","_tribe_tickets_list":"[]","_tribe_ticket_has_attendee_info_fields":false,"footnotes":"","_tec_slr_enabled":"","_tec_slr_layout":""},"class_list":["post-24","page","type-page","status-publish","hentry"],"acf":[],"ticketed":false,"_links":{"self":[{"href":"https:\/\/www.law.georgetown.edu\/carola\/wp-json\/wp\/v2\/pages\/24","targetHints":{"allow":["GET"]}}],"collection":[{"href":"https:\/\/www.law.georgetown.edu\/carola\/wp-json\/wp\/v2\/pages"}],"about":[{"href":"https:\/\/www.law.georgetown.edu\/carola\/wp-json\/wp\/v2\/types\/page"}],"author":[{"embeddable":true,"href":"https:\/\/www.law.georgetown.edu\/carola\/wp-json\/wp\/v2\/users\/78"}],"replies":[{"embeddable":true,"href":"https:\/\/www.law.georgetown.edu\/carola\/wp-json\/wp\/v2\/comments?post=24"}],"version-history":[{"count":10,"href":"https:\/\/www.law.georgetown.edu\/carola\/wp-json\/wp\/v2\/pages\/24\/revisions"}],"predecessor-version":[{"id":2964,"href":"https:\/\/www.law.georgetown.edu\/carola\/wp-json\/wp\/v2\/pages\/24\/revisions\/2964"}],"up":[{"embeddable":true,"href":"https:\/\/www.law.georgetown.edu\/carola\/wp-json\/wp\/v2\/pages\/17"}],"wp:attachment":[{"href":"https:\/\/www.law.georgetown.edu\/carola\/wp-json\/wp\/v2\/media?parent=24"}],"curies":[{"name":"wp","href":"https:\/\/api.w.org\/{rel}","templated":true}]}}