{"id":1132,"date":"2024-01-23T10:00:41","date_gmt":"2024-01-23T15:00:41","guid":{"rendered":"https:\/\/www.law.georgetown.edu\/environmental-law-review\/?page_id=1132"},"modified":"2025-05-12T11:09:55","modified_gmt":"2025-05-12T15:09:55","slug":"volume-35-issue-1","status":"publish","type":"page","link":"https:\/\/www.law.georgetown.edu\/environmental-law-review\/in-print\/volume-35-issue-1\/","title":{"rendered":"Volume 35, Issue 1"},"content":{"rendered":"<h2>Volume 35, Issue 1 (Fall 2022)<\/h2>\n<h3>Articles<\/h3>\n<p><a href=\"https:\/\/www.law.georgetown.edu\/environmental-law-review\/in-print\/trespass-plus-ag\u2026right-to-exclude\/\">Trespass Plus: Ag-Gag and the Right to Exclude<\/a><br \/>\nAnthony B. Derron<\/p>\n<p><a href=\"https:\/\/www.law.georgetown.edu\/environmental-law-review\/in-print\/carbon-restructu\u2026t-climate-change\/\">Carbon Restructuring: A Grassroots Strategy to Combat Climate Change<\/a><br \/>\nMatt Elgin<\/p>\n<p><a href=\"https:\/\/www.law.georgetown.edu\/environmental-law-review\/in-print\/unleashing-ecoci\u2026t-climate-change\/\">Unleashing Ecocide: Conscripting International Prosecutors into the Fight Against Climate Change<\/a><br \/>\nEthan A. Heller<\/p>\n<p><a href=\"https:\/\/www.law.georgetown.edu\/environmental-law-review\/in-print\/environmental-in\u2026he-clean-air-act\/\">Environmental Injustice and COVID-19: Addressing the Link Between Pandemics and Pollution in Racial and Ethnic Minority Communities Under the Clean Air Act<\/a><br \/>\nEric v. Hull<\/p>\n<p><a href=\"https:\/\/www.law.georgetown.edu\/environmental-law-review\/in-print\/we-want-to-live-\u2026vil-disobedience\/\">&#8220;We Want to Live!&#8221; Climate Change and the Limits of Civil Disobedience<\/a><br \/>\nFr\u00e9d\u00e9ric M\u00e9gret &amp; Amar Khoday<\/p>\n<h3>Notes<\/h3>\n<p><a href=\"https:\/\/www.law.georgetown.edu\/environmental-law-review\/in-print\/is-fast-41-permi\u2026deral-permitting\/\">Is FAST-41 Permitting All that Fast? Why Congress Must Take a More Serious Approach to Streamlining Federal Permitting<\/a><br \/>\nDavid Stepovich<\/p>\n","protected":false},"excerpt":{"rendered":"<p>Volume 35, Issue 1 (Fall 2022) Articles Trespass Plus: Ag-Gag and the Right to Exclude Anthony B. Derron Carbon Restructuring: A Grassroots Strategy to Combat Climate Change Matt Elgin Unleashing [&hellip;]<\/p>\n","protected":false},"author":12209,"featured_media":0,"parent":10,"menu_order":8,"comment_status":"closed","ping_status":"closed","template":"","meta":{"_acf_changed":false,"_price":"","_stock":"","_tribe_ticket_header":"","_tribe_default_ticket_provider":"","_tribe_ticket_capacity":"0","_ticket_start_date":"","_ticket_end_date":"","_tribe_ticket_show_description":"","_tribe_ticket_show_not_going":false,"_tribe_ticket_use_global_stock":"","_tribe_ticket_global_stock_level":"","_global_stock_mode":"","_global_stock_cap":"","_tribe_rsvp_for_event":"","_tribe_ticket_going_count":"","_tribe_ticket_not_going_count":"","_tribe_tickets_list":"[]","_tribe_ticket_has_attendee_info_fields":false,"footnotes":"","_tec_slr_enabled":"","_tec_slr_layout":""},"class_list":["post-1132","page","type-page","status-publish","hentry"],"acf":[],"ticketed":false,"_links":{"self":[{"href":"https:\/\/www.law.georgetown.edu\/environmental-law-review\/wp-json\/wp\/v2\/pages\/1132","targetHints":{"allow":["GET"]}}],"collection":[{"href":"https:\/\/www.law.georgetown.edu\/environmental-law-review\/wp-json\/wp\/v2\/pages"}],"about":[{"href":"https:\/\/www.law.georgetown.edu\/environmental-law-review\/wp-json\/wp\/v2\/types\/page"}],"author":[{"embeddable":true,"href":"https:\/\/www.law.georgetown.edu\/environmental-law-review\/wp-json\/wp\/v2\/users\/12209"}],"replies":[{"embeddable":true,"href":"https:\/\/www.law.georgetown.edu\/environmental-law-review\/wp-json\/wp\/v2\/comments?post=1132"}],"version-history":[{"count":4,"href":"https:\/\/www.law.georgetown.edu\/environmental-law-review\/wp-json\/wp\/v2\/pages\/1132\/revisions"}],"predecessor-version":[{"id":1747,"href":"https:\/\/www.law.georgetown.edu\/environmental-law-review\/wp-json\/wp\/v2\/pages\/1132\/revisions\/1747"}],"up":[{"embeddable":true,"href":"https:\/\/www.law.georgetown.edu\/environmental-law-review\/wp-json\/wp\/v2\/pages\/10"}],"wp:attachment":[{"href":"https:\/\/www.law.georgetown.edu\/environmental-law-review\/wp-json\/wp\/v2\/media?parent=1132"}],"curies":[{"name":"wp","href":"https:\/\/api.w.org\/{rel}","templated":true}]}}