{"id":340,"date":"2018-11-19T13:46:13","date_gmt":"2018-11-19T18:46:13","guid":{"rendered":"https:\/\/www.law.georgetown.edu\/human-rights-institute\/?page_id=340"},"modified":"2025-05-12T11:08:06","modified_gmt":"2025-05-12T15:08:06","slug":"carta-de-derechos-de-los-migrantes-internacionales","status":"publish","type":"page","link":"https:\/\/www.law.georgetown.edu\/human-rights-institute\/scholarship\/scholarship\/international-migrants-bill-of-rights-initiative\/carta-de-derechos-de-los-migrantes-internacionales\/","title":{"rendered":"Carta de Derechos de los Migrantes Internacionales"},"content":{"rendered":"<p>Con base en el Centro de Derecho de la Universidad de Georgetown, la Carta de Derechos de los Migrantes Internacionales (IMBR, por sus siglas en ingl\u00e9s) contribuye a los debates importantes en curso acerca de la manera en que el mundo ve y trata a las personas que cruzan fronteras. Accesible pero respaldado por una extensa investigaci\u00f3n legal, el propio IMBR es una reafirmaci\u00f3n del derecho internacional existente y los desarrollos progresivos que se aplican a los derechos de los migrantes, incluidos los derechos humanos, los refugiados y el derecho laboral. La Iniciativa IMBR promueve un mundo en el que los derechos humanos de todos los migrantes internacionales est\u00e1n protegidos, independientemente del \u00edmpetu de su migraci\u00f3n.<\/p>\n<p>A lo largo de varios a\u00f1os de trabajo, la Iniciativa IMBR ha desarrollado un conjunto de Herramientas para ayudar a los migrantes, miembros de la sociedad civil, acad\u00e9micos y profesionales, as\u00ed como a legisladores locales, nacionales, regionales e internacionales y a los pol\u00edticos responsables de establecer normas de migraci\u00f3n, a abogar por los derechos de los migrantes y educar a otros sobre los derechos de los migrantes.<\/p>\n<p>El n\u00facleo de este trabajo incluye una Carta de Derechos, que articula los derechos que protegen a todos los migrantes y que distingue entre el derecho internacional existente y los desarrollos progresivos en la ley y la pr\u00e1ctica, as\u00ed como comentarios legales detallados.<\/p>\n<p>Estos materiales est\u00e1n disponibles en <strong><a href=\"https:\/\/issuu.com\/gulchri\/docs\/imbr_spanish\">espa\u00f1ol<\/a><\/strong> e <strong><a href=\"https:\/\/www.law.georgetown.edu\/human-rights-institute\/our-work\/international-migrants-bill-of-rights-initiative\/imbr-tools\/\">ingl\u00e9s<\/a>.<\/strong><\/p>\n","protected":false},"excerpt":{"rendered":"<p>Con base en el Centro de Derecho de la Universidad de Georgetown, la Carta de Derechos de los Migrantes Internacionales (IMBR, por sus siglas en ingl\u00e9s) contribuye a los debates [&hellip;]<\/p>\n","protected":false},"author":77,"featured_media":0,"parent":23,"menu_order":1,"comment_status":"closed","ping_status":"closed","template":"","meta":{"_acf_changed":false,"_price":"","_stock":"","_tribe_ticket_header":"","_tribe_default_ticket_provider":"","_tribe_ticket_capacity":"0","_ticket_start_date":"","_ticket_end_date":"","_tribe_ticket_show_description":"","_tribe_ticket_show_not_going":false,"_tribe_ticket_use_global_stock":"","_tribe_ticket_global_stock_level":"","_global_stock_mode":"","_global_stock_cap":"","_tribe_rsvp_for_event":"","_tribe_ticket_going_count":"","_tribe_ticket_not_going_count":"","_tribe_tickets_list":"[]","_tribe_ticket_has_attendee_info_fields":false,"footnotes":"","_tec_slr_enabled":"","_tec_slr_layout":""},"class_list":["post-340","page","type-page","status-publish","hentry"],"acf":[],"ticketed":false,"_links":{"self":[{"href":"https:\/\/www.law.georgetown.edu\/human-rights-institute\/wp-json\/wp\/v2\/pages\/340","targetHints":{"allow":["GET"]}}],"collection":[{"href":"https:\/\/www.law.georgetown.edu\/human-rights-institute\/wp-json\/wp\/v2\/pages"}],"about":[{"href":"https:\/\/www.law.georgetown.edu\/human-rights-institute\/wp-json\/wp\/v2\/types\/page"}],"author":[{"embeddable":true,"href":"https:\/\/www.law.georgetown.edu\/human-rights-institute\/wp-json\/wp\/v2\/users\/77"}],"replies":[{"embeddable":true,"href":"https:\/\/www.law.georgetown.edu\/human-rights-institute\/wp-json\/wp\/v2\/comments?post=340"}],"version-history":[{"count":52,"href":"https:\/\/www.law.georgetown.edu\/human-rights-institute\/wp-json\/wp\/v2\/pages\/340\/revisions"}],"predecessor-version":[{"id":5629,"href":"https:\/\/www.law.georgetown.edu\/human-rights-institute\/wp-json\/wp\/v2\/pages\/340\/revisions\/5629"}],"up":[{"embeddable":true,"href":"https:\/\/www.law.georgetown.edu\/human-rights-institute\/wp-json\/wp\/v2\/pages\/23"}],"wp:attachment":[{"href":"https:\/\/www.law.georgetown.edu\/human-rights-institute\/wp-json\/wp\/v2\/media?parent=340"}],"curies":[{"name":"wp","href":"https:\/\/api.w.org\/{rel}","templated":true}]}}