{"id":6566,"date":"2025-03-26T10:49:50","date_gmt":"2025-03-26T14:49:50","guid":{"rendered":"https:\/\/www.law.georgetown.edu\/human-rights-institute\/events\/samuel-dash-conference-on-human-rights\/truth-solidarity-and-repair-haiti-the-global-movement-for-reparations-2\/"},"modified":"2025-05-12T11:07:51","modified_gmt":"2025-05-12T15:07:51","slug":"truth-solidarity-and-repair-haiti-the-global-movement-for-reparations-2","status":"publish","type":"page","link":"https:\/\/www.law.georgetown.edu\/human-rights-institute\/events\/samuel-dash-conference-on-human-rights\/truth-solidarity-and-repair-haiti-the-global-movement-for-reparations-2\/truth-solidarity-and-repair-haiti-the-global-movement-for-reparations-2\/","title":{"rendered":"Verite, Solidarite ak Reparasyon: Ayiti ak Mouvman Mondyal sou kesyon Reparasyon yo"},"content":{"rendered":"<p style=\"font-weight: 400\">Nan lanne 1804, ayisyen ki te tounen esklav yo mete kolon frans\u00e8 yo dey\u00f2 epi yo konstwi yon nasyon lib. Men apre de deseni, frans\u00e8 yo retounen vinn menase Ayiti epi f\u00f2se l aksepte peye \u201creparasyon\u201d pout\u00e8t lafrans p\u00e8di k\u00f2b, epi akoz k\u00e8k frans\u00e8 te p\u00e8di lavi yo. Akoz bato-de-g\u00e8 frans\u00e8 ki te anvayi kot yo, Ayiti te oblije aksepte. E pandan plizy\u00e8 jenerasyon, peyi an te kontinye peye swadizan \u201cd\u00e8t endepandans\u201d li ak ansyen esklavajis yo, yon k\u00f2b pou lib\u00e8te yo ki te egal ak plizy\u00e8 sant\u00e8n milyon dola.<\/p>\n<p style=\"font-weight: 400\">Ane 2025 lan pral f\u00e8 200ty\u00e8m aniv\u00e8s\u00e8 enjistis sa. Enpak goudougoudou \u201cd\u00e8t endepandans\u201d sa gen sou devlopman peyi D ayiti ak l\u00f2t sikatris kolonyalis lan kite nan ekonomi sosyete Ayisy\u00e8n lan kontinye ap f\u00e8 ravaj jouk jounen jodi an.<\/p>\n<p style=\"font-weight: 400\">Konferans Dash 2025 lan ap konsantre sou sij\u00e8 \u201cVerite, Solidarite ak reparasyon pou Ayiti epi mouvman mondyal pou reparasyon yo.\u201d Nan ev\u00e8nman yo ap tou gen tou diskisyon ak konv\u00e8zasyon sou Istwa ak Enpak dirab \u201cD\u00e8t endepandans\u201d Ayiti te f\u00f2se peye pandan l t ap fonde k\u00f2m nasyon ; Revandikasyon legal Ayiti pou reparasyon ak pouvwa li bay jar\u00e8t ak yon mouvman mondyal ki laj sou koze reparasyon yo ; Epi plan aksyon pou mobilize reparasyon pou Ayiti sou p\u00e8spektiv jiridik, kom\u00e8syal, devlopman ak sosyete sivil la. Diskou demaraj lan, se madanm Mildred Trouillot-Aristide, ansyen premye Dam peyi D ayiti epi avokat Amerik\u00e8n k ap f\u00e8 l. Konferans ap tanmen an-p\u00e8s\u00f2n epi ap retransm\u00e8t andir\u00e8k epi tradui an krey\u00f2l Ayisyen pou sila ki ta vle koute li. Moun k ap patisipe atrav\u00e8 transmisyon andir\u00e8k yo ap kapab poze kesyon ak panelis yo.<\/p>\n<p style=\"font-weight: 400\">Konekte am konv\u00e8zasyon enp\u00f2tan sa k ap f\u00e8t sou Ayiti ak Mouvman mondyal pou reparasyon yo. Pou plis enf\u00f2masyon sou panelis yo, n ap ka jwenn yo sou sitw\u00e8b nou a.<\/p>\n","protected":false},"excerpt":{"rendered":"<p>Nan lanne 1804, ayisyen ki te tounen esklav yo mete kolon frans\u00e8 yo dey\u00f2 epi yo konstwi yon nasyon lib. Men apre de deseni, frans\u00e8 yo retounen vinn menase Ayiti [&hellip;]<\/p>\n","protected":false},"author":14986,"featured_media":0,"parent":6493,"menu_order":0,"comment_status":"closed","ping_status":"closed","template":"","meta":{"_acf_changed":false,"_price":"","_stock":"","_tribe_ticket_header":"","_tribe_default_ticket_provider":"","_tribe_ticket_capacity":"0","_ticket_start_date":"","_ticket_end_date":"","_tribe_ticket_show_description":"","_tribe_ticket_show_not_going":false,"_tribe_ticket_use_global_stock":"","_tribe_ticket_global_stock_level":"","_global_stock_mode":"","_global_stock_cap":"","_tribe_rsvp_for_event":"","_tribe_ticket_going_count":"","_tribe_ticket_not_going_count":"","_tribe_tickets_list":"[]","_tribe_ticket_has_attendee_info_fields":false,"footnotes":"","_tec_slr_enabled":"","_tec_slr_layout":""},"class_list":["post-6566","page","type-page","status-publish","hentry"],"acf":[],"ticketed":false,"_links":{"self":[{"href":"https:\/\/www.law.georgetown.edu\/human-rights-institute\/wp-json\/wp\/v2\/pages\/6566","targetHints":{"allow":["GET"]}}],"collection":[{"href":"https:\/\/www.law.georgetown.edu\/human-rights-institute\/wp-json\/wp\/v2\/pages"}],"about":[{"href":"https:\/\/www.law.georgetown.edu\/human-rights-institute\/wp-json\/wp\/v2\/types\/page"}],"author":[{"embeddable":true,"href":"https:\/\/www.law.georgetown.edu\/human-rights-institute\/wp-json\/wp\/v2\/users\/14986"}],"replies":[{"embeddable":true,"href":"https:\/\/www.law.georgetown.edu\/human-rights-institute\/wp-json\/wp\/v2\/comments?post=6566"}],"version-history":[{"count":19,"href":"https:\/\/www.law.georgetown.edu\/human-rights-institute\/wp-json\/wp\/v2\/pages\/6566\/revisions"}],"predecessor-version":[{"id":6655,"href":"https:\/\/www.law.georgetown.edu\/human-rights-institute\/wp-json\/wp\/v2\/pages\/6566\/revisions\/6655"}],"up":[{"embeddable":true,"href":"https:\/\/www.law.georgetown.edu\/human-rights-institute\/wp-json\/wp\/v2\/pages\/6493"}],"wp:attachment":[{"href":"https:\/\/www.law.georgetown.edu\/human-rights-institute\/wp-json\/wp\/v2\/media?parent=6566"}],"curies":[{"name":"wp","href":"https:\/\/api.w.org\/{rel}","templated":true}]}}