{"id":9286,"date":"2024-11-20T12:27:43","date_gmt":"2024-11-20T17:27:43","guid":{"rendered":"https:\/\/www.law.georgetown.edu\/iiel\/initiatives\/citd\/our-people\/maria-alice-camina\/"},"modified":"2025-05-12T11:08:17","modified_gmt":"2025-05-12T15:08:17","slug":"maria-alice-camina","status":"publish","type":"page","link":"https:\/\/www.law.georgetown.edu\/iiel\/initiatives\/citd\/our-people\/maria-alice-camina\/","title":{"rendered":"Maria Alice Cami\u00f1a"},"content":{"rendered":"<p><img loading=\"lazy\" decoding=\"async\" class=\"size-medium wp-image-9289 alignleft\" src=\"https:\/\/www.law.georgetown.edu\/iiel\/wp-content\/uploads\/sites\/8\/2024\/11\/Photo-Georgetown-profile-225x300.jpeg\" alt=\"Maria Alice Cami\u00f1a headshot\" width=\"225\" height=\"300\" srcset=\"https:\/\/www.law.georgetown.edu\/iiel\/wp-content\/uploads\/sites\/8\/2024\/11\/Photo-Georgetown-profile-225x300.jpeg 225w, https:\/\/www.law.georgetown.edu\/iiel\/wp-content\/uploads\/sites\/8\/2024\/11\/Photo-Georgetown-profile-768x1024.jpeg 768w, https:\/\/www.law.georgetown.edu\/iiel\/wp-content\/uploads\/sites\/8\/2024\/11\/Photo-Georgetown-profile-375x500.jpeg 375w, https:\/\/www.law.georgetown.edu\/iiel\/wp-content\/uploads\/sites\/8\/2024\/11\/Photo-Georgetown-profile-555x740.jpeg 555w, https:\/\/www.law.georgetown.edu\/iiel\/wp-content\/uploads\/sites\/8\/2024\/11\/Photo-Georgetown-profile-735x980.jpeg 735w, https:\/\/www.law.georgetown.edu\/iiel\/wp-content\/uploads\/sites\/8\/2024\/11\/Photo-Georgetown-profile-915x1220.jpeg 915w, https:\/\/www.law.georgetown.edu\/iiel\/wp-content\/uploads\/sites\/8\/2024\/11\/Photo-Georgetown-profile-500x667.jpeg 500w, https:\/\/www.law.georgetown.edu\/iiel\/wp-content\/uploads\/sites\/8\/2024\/11\/Photo-Georgetown-profile-740x986.jpeg 740w, https:\/\/www.law.georgetown.edu\/iiel\/wp-content\/uploads\/sites\/8\/2024\/11\/Photo-Georgetown-profile-980x1306.jpeg 980w, https:\/\/www.law.georgetown.edu\/iiel\/wp-content\/uploads\/sites\/8\/2024\/11\/Photo-Georgetown-profile.jpeg 1039w\" sizes=\"auto, (max-width: 225px) 100vw, 225px\" \/><\/p>\n<p>&nbsp;<\/p>\n<p>Maria Alice Cami\u00f1a is a Research Assistant at the Center on Inclusive Trade and Development, where she focuses on developing trade tools to address climate change. She has interned at the International Monetary Fund, conducting research on the intersection of climate change and gender. Previously, Maria practiced as an attorney for commodities trading firms, specializing in agribusiness matters. She holds an LL.M. in International Legal Studies from Georgetown University Law Center and a Bachelor of Laws from Funda\u00e7\u00e3o Getulio Vargas in S\u00e3o Paulo.<\/p>\n","protected":false},"excerpt":{"rendered":"<p>&nbsp; Maria Alice Cami\u00f1a is a Research Assistant at the Center on Inclusive Trade and Development, where she focuses on developing trade tools to address climate change. She has interned [&hellip;]<\/p>\n","protected":false},"author":11032,"featured_media":0,"parent":5984,"menu_order":5,"comment_status":"closed","ping_status":"closed","template":"","meta":{"_acf_changed":false,"_price":"","_stock":"","_tribe_ticket_header":"","_tribe_default_ticket_provider":"","_tribe_ticket_capacity":"0","_ticket_start_date":"","_ticket_end_date":"","_tribe_ticket_show_description":"","_tribe_ticket_show_not_going":false,"_tribe_ticket_use_global_stock":"","_tribe_ticket_global_stock_level":"","_global_stock_mode":"","_global_stock_cap":"","_tribe_rsvp_for_event":"","_tribe_ticket_going_count":"","_tribe_ticket_not_going_count":"","_tribe_tickets_list":"[]","_tribe_ticket_has_attendee_info_fields":false,"footnotes":"","_tec_slr_enabled":"","_tec_slr_layout":""},"class_list":["post-9286","page","type-page","status-publish","hentry"],"acf":[],"ticketed":false,"_links":{"self":[{"href":"https:\/\/www.law.georgetown.edu\/iiel\/wp-json\/wp\/v2\/pages\/9286","targetHints":{"allow":["GET"]}}],"collection":[{"href":"https:\/\/www.law.georgetown.edu\/iiel\/wp-json\/wp\/v2\/pages"}],"about":[{"href":"https:\/\/www.law.georgetown.edu\/iiel\/wp-json\/wp\/v2\/types\/page"}],"author":[{"embeddable":true,"href":"https:\/\/www.law.georgetown.edu\/iiel\/wp-json\/wp\/v2\/users\/11032"}],"replies":[{"embeddable":true,"href":"https:\/\/www.law.georgetown.edu\/iiel\/wp-json\/wp\/v2\/comments?post=9286"}],"version-history":[{"count":3,"href":"https:\/\/www.law.georgetown.edu\/iiel\/wp-json\/wp\/v2\/pages\/9286\/revisions"}],"predecessor-version":[{"id":9290,"href":"https:\/\/www.law.georgetown.edu\/iiel\/wp-json\/wp\/v2\/pages\/9286\/revisions\/9290"}],"up":[{"embeddable":true,"href":"https:\/\/www.law.georgetown.edu\/iiel\/wp-json\/wp\/v2\/pages\/5984"}],"wp:attachment":[{"href":"https:\/\/www.law.georgetown.edu\/iiel\/wp-json\/wp\/v2\/media?parent=9286"}],"curies":[{"name":"wp","href":"https:\/\/api.w.org\/{rel}","templated":true}]}}