{"id":13240,"date":"2017-06-30T15:55:58","date_gmt":"2017-06-30T19:55:58","guid":{"rendered":"https:\/\/www.law.georgetown.edu\/?page_id=2043"},"modified":"2026-03-02T18:29:18","modified_gmt":"2026-03-02T18:29:18","slug":"prayer-worship-services","status":"publish","type":"page","link":"https:\/\/www.law.georgetown.edu\/your-life-career\/spiritual-life\/prayer-worship-services\/","title":{"rendered":"Prayer &amp; Worship Services"},"content":{"rendered":"<h2>Weekly Religious Services<\/h2>\n<p>&nbsp;<\/p>\n<p><b>Sunday Evening Roman Catholic Mass<br \/>\n<\/b>Sundays, 5 PM<em><br \/>\n<\/em><span style=\"font-weight: 400;\">Georgetown Law Mission &amp; Ministry partners with Holy Rosary Catholic Church to celebrate a weekly Roman Catholic Mass for the Georgetown Law community.<br \/>\n<\/span><span style=\"font-weight: 400;\">The church is located at the corner of 3rd &amp; F, across from the 2nd Street Entrance to McDonough.<\/span><\/p>\n<p>&nbsp;<\/p>\n<p><b>Roman Catholic Mass on Campus<br \/>\n<\/b>Wednesdays, 5:00 PM<b><em><br \/>\n<\/em><span style=\"font-weight: 400;\">In the St. Thomas More Chapel<\/span><\/b><\/p>\n<p>&nbsp;<\/p>\n<p><b>Sacrament of Reconciliation<br \/>\n<\/b>Every other Wednesday, starting on September 3, 2025<br \/>\nContact Fr. Andrew Downing, S.J. at <a href=\"mailto:ad2062@georgetown.edu\" target=\"_blank\" rel=\"noopener noreferrer\" class=\"cx_external_link\"><span class=\"cx_external_hyperlink\"><span style=\"font-weight: 400;\">ad2062@georgetown.edu<\/span><\/span><span class=\"visually_hide\">(This link opens in a new tab)<\/span><span class=\"cx_external_icon\"><\/span><\/a><\/p>\n<p>&nbsp;<\/p>\n<p><strong>Protestant Ministry Sunday Night Worship<\/strong><br \/>\nSundays, 7 PM<br \/>\nLive-streamed via Zoom; <a href=\"mailto:protestantministry@georgetown.edu\" target=\"_blank\" rel=\"noopener noreferrer\" class=\"cx_external_link\"><span class=\"cx_external_hyperlink\">email<\/span><span class=\"visually_hide\">(This link opens in a new tab)<\/span><span class=\"cx_external_icon\"><\/span><\/a> Protestant Ministry for the link.<\/p>\n<p>&nbsp;<\/p>\n<p><strong>Bible Study<\/strong><br \/>\nWednesdays, 3:30 PM<br \/>\nIn the St. Thomas More Chapel<\/p>\n<p>&nbsp;<\/p>\n<p><strong>Shabbat<\/strong><br \/>\nShabbat Services on Friday evenings and Saturday morning are always available at Sixth &amp; I Synagogue (600 I Street, NW). Friday evening Shabbat dinners are traditionally held by the Jewish Law Students Association (JLSA), including one or more at Chaplain Michael Goldman&#8217;s home.\u00a0 Please check back for more information.<\/p>\n<p>&nbsp;<\/p>\n<p><strong>Muslim Prayer (Jum&#8217;ah) <\/strong><br \/>\nEvery Friday at 1 pm in the Muslim Prayer Room (in Gewirz Room 109).<\/p>\n<p>&nbsp;<\/p>\n<p><strong>Weekly \u0100rat\u012b<\/strong><br \/>\nSundays, 5 PM<br \/>\nA weekly gathering on Georgetown&#8217;s main campus. It draws on teachings and practices from the \u015a\u0101kta, \u015aaiva, Vai\u1e63\u1e47ava, Sm\u0101rta, and San\u0101tana\/Hindu Dharmas, and it is followed by dinner for all. Learn about <a href=\"https:\/\/campusministry.georgetown.edu\/faith-traditions\/dharmic\/\">Dharmic Life at Georgetown<\/a>.<\/p>\n<p>&nbsp;<\/p>\n<p><strong>Weekly Buddhist Gathering<\/strong><br \/>\nSundays, 12 PM<br \/>\nA traditional Ch\u00e1n Buddhist ceremony on Georgetown&#8217;s main campus. It is led by Ven. Yishan Qian, and it is followed by lunch for all.<\/p>\n<p>&nbsp;<\/p>\n<p><strong>Gurukulam: Upani\u1e63ad Study<\/strong><br \/>\nMondays, 12 PM<br \/>\nOn Georgetown&#8217;s main campus. Uncover the teachings of the Upani\u1e63ads through readings in the original Sanskrit and deep discussions of their relevance. No previous experience necessary.<\/p>\n<p>&nbsp;<\/p>\n<p><strong>Orthodox Christian Vespers<br \/>\n<\/strong>Tuesdays, 6:30 PM<br \/>\nLive-streamed via <a href=\"https:\/\/georgetown.us9.list-manage.com\/track\/click?u=bba56a36303778d55a96e4a2b&amp;id=18c09e5b01&amp;e=bf43b2a491\">Zoom<\/a>.<\/p>\n","protected":false},"excerpt":{"rendered":"<p>Weekly Religious Services &nbsp; Sunday Evening Roman Catholic Mass Sundays, 5 PM Georgetown Law Mission &amp; Ministry partners with Holy Rosary Catholic Church to celebrate a weekly Roman Catholic Mass [&hellip;]<\/p>\n","protected":false},"author":23,"featured_media":0,"parent":13048,"menu_order":197,"comment_status":"closed","ping_status":"closed","template":"","meta":{"_acf_changed":false,"_price":"","_stock":"","_tribe_ticket_header":"","_tribe_default_ticket_provider":"","_tribe_ticket_capacity":"0","_ticket_start_date":"","_ticket_end_date":"","_tribe_ticket_show_description":"","_tribe_ticket_show_not_going":false,"_tribe_ticket_use_global_stock":"","_tribe_ticket_global_stock_level":"","_global_stock_mode":"","_global_stock_cap":"","_tribe_rsvp_for_event":"","_tribe_ticket_going_count":"","_tribe_ticket_not_going_count":"","_tribe_tickets_list":"[]","_tribe_ticket_has_attendee_info_fields":false,"footnotes":"","_tec_slr_enabled":"","_tec_slr_layout":""},"class_list":["post-13240","page","type-page","status-publish","hentry"],"acf":[],"ticketed":false,"_links":{"self":[{"href":"https:\/\/www.law.georgetown.edu\/your-life-career\/wp-json\/wp\/v2\/pages\/13240","targetHints":{"allow":["GET"]}}],"collection":[{"href":"https:\/\/www.law.georgetown.edu\/your-life-career\/wp-json\/wp\/v2\/pages"}],"about":[{"href":"https:\/\/www.law.georgetown.edu\/your-life-career\/wp-json\/wp\/v2\/types\/page"}],"author":[{"embeddable":true,"href":"https:\/\/www.law.georgetown.edu\/your-life-career\/wp-json\/wp\/v2\/users\/23"}],"replies":[{"embeddable":true,"href":"https:\/\/www.law.georgetown.edu\/your-life-career\/wp-json\/wp\/v2\/comments?post=13240"}],"version-history":[{"count":7,"href":"https:\/\/www.law.georgetown.edu\/your-life-career\/wp-json\/wp\/v2\/pages\/13240\/revisions"}],"predecessor-version":[{"id":34578,"href":"https:\/\/www.law.georgetown.edu\/your-life-career\/wp-json\/wp\/v2\/pages\/13240\/revisions\/34578"}],"up":[{"embeddable":true,"href":"https:\/\/www.law.georgetown.edu\/your-life-career\/wp-json\/wp\/v2\/pages\/13048"}],"wp:attachment":[{"href":"https:\/\/www.law.georgetown.edu\/your-life-career\/wp-json\/wp\/v2\/media?parent=13240"}],"curies":[{"name":"wp","href":"https:\/\/api.w.org\/{rel}","templated":true}]}}